{"id":31,"date":"2026-02-03T13:44:14","date_gmt":"2026-02-03T12:44:14","guid":{"rendered":"https:\/\/dev.vollmerskagarden.se\/?page_id=31"},"modified":"2026-02-13T15:09:49","modified_gmt":"2026-02-13T14:09:49","slug":"about-vollmers","status":"publish","type":"page","link":"https:\/\/vollmers.nu\/sv\/about-vollmers\/","title":{"rendered":"V\u00e4lkommen till Vollmers"},"content":{"rendered":"<figure class=\"wp-block-image size-large\"><img loading=\"lazy\" decoding=\"async\" width=\"683\" height=\"1024\" src=\"https:\/\/dev.vollmerskagarden.se\/wp-content\/uploads\/vollmers_family-683x1024.webp\" class=\"wp-image-161\" style=\"object-position: 47% 52%;\" srcset=\"https:\/\/vollmers.nu\/wp-content\/uploads\/vollmers_family-683x1024.webp 683w, https:\/\/vollmers.nu\/wp-content\/uploads\/vollmers_family-200x300.webp 200w, https:\/\/vollmers.nu\/wp-content\/uploads\/vollmers_family-768x1151.webp 768w, https:\/\/vollmers.nu\/wp-content\/uploads\/vollmers_family-1025x1536.webp 1025w, https:\/\/vollmers.nu\/wp-content\/uploads\/vollmers_family.webp 1281w\" sizes=\"auto, (max-width: 683px) 100vw, 683px\" \/><\/figure>\n\n<h2 class=\"wp-block-heading\">Vollmers today<\/h2>\n\n<figure class=\"wp-block-image size-large\"><img loading=\"lazy\" decoding=\"async\" width=\"1024\" height=\"683\" src=\"https:\/\/dev.vollmerskagarden.se\/wp-content\/uploads\/vollmers_family2-1024x683.jpg\" class=\"wp-image-656\" style=\"object-position: 71% 78%;\" srcset=\"https:\/\/vollmers.nu\/wp-content\/uploads\/vollmers_family2-1024x683.jpg 1024w, https:\/\/vollmers.nu\/wp-content\/uploads\/vollmers_family2-300x200.jpg 300w, https:\/\/vollmers.nu\/wp-content\/uploads\/vollmers_family2-768x512.jpg 768w, https:\/\/vollmers.nu\/wp-content\/uploads\/vollmers_family2-1536x1025.jpg 1536w, https:\/\/vollmers.nu\/wp-content\/uploads\/vollmers_family2-18x12.jpg 18w, https:\/\/vollmers.nu\/wp-content\/uploads\/vollmers_family2-1200x800.jpg 1200w, https:\/\/vollmers.nu\/wp-content\/uploads\/vollmers_family2-600x400.jpg 600w, https:\/\/vollmers.nu\/wp-content\/uploads\/vollmers_family2.jpg 2048w\" sizes=\"auto, (max-width: 1024px) 100vw, 1024px\" \/><\/figure>\n\n<figure class=\"wp-block-image size-large\"><img loading=\"lazy\" decoding=\"async\" width=\"1024\" height=\"576\" src=\"https:\/\/dev.vollmerskagarden.se\/wp-content\/uploads\/vollmers-restaurang-i-malmo-bertha-noframe-min-1024x576.webp\" class=\"wp-image-644\" style=\"object-position: 46% 61%;\" srcset=\"https:\/\/vollmers.nu\/wp-content\/uploads\/vollmers-restaurang-i-malmo-bertha-noframe-min-1024x576.webp 1024w, https:\/\/vollmers.nu\/wp-content\/uploads\/vollmers-restaurang-i-malmo-bertha-noframe-min-300x169.webp 300w, https:\/\/vollmers.nu\/wp-content\/uploads\/vollmers-restaurang-i-malmo-bertha-noframe-min-768x432.webp 768w, https:\/\/vollmers.nu\/wp-content\/uploads\/vollmers-restaurang-i-malmo-bertha-noframe-min-18x10.webp 18w, https:\/\/vollmers.nu\/wp-content\/uploads\/vollmers-restaurang-i-malmo-bertha-noframe-min-1200x675.webp 1200w, https:\/\/vollmers.nu\/wp-content\/uploads\/vollmers-restaurang-i-malmo-bertha-noframe-min-600x338.webp 600w, https:\/\/vollmers.nu\/wp-content\/uploads\/vollmers-restaurang-i-malmo-bertha-noframe-min.webp 1500w\" sizes=\"auto, (max-width: 1024px) 100vw, 1024px\" \/><\/figure>\n\n<h2 class=\"wp-block-heading\">Our history<\/h2>\n\n<h1 class=\"wp-block-heading\">V\u00e4lkommen till Vollmers<\/h1>\n\n<p>Hos oss f\u00e5r du smaka en del av v\u00e5r historia. Du \u00e4ter med silverbestick som kommer fr\u00e5n v\u00e5r familjs f\u00f6rsta g\u00e4stgivarg\u00e5rd och du f\u00e5r en del av v\u00e5r barndom i menyn.<\/p>\n<p>Ett nedstamp i Sk\u00e5nes omgivningar d\u00e4r vi l\u00e5ter s\u00e4songen och minnen speglas p\u00e5 tallriken. Men allt vi har idag har vi faktiskt tack vare en herrekipering.<\/p>","protected":false},"excerpt":{"rendered":"<p>Vollmers today Our history Welcome to Vollmers At Vollmers you&#8217;ll get a slice of history with the menu. You dine with silver cutlery that comes from our family&#8217;s first roadside inn and you partake of our childhood favourites along the way. An immersion in Sk\u00e5ne&#8217;s surroundings where the seasons and memories are reflected on the [&hellip;]<\/p>\n","protected":false},"author":1,"featured_media":639,"parent":0,"menu_order":0,"comment_status":"closed","ping_status":"closed","template":"","meta":{"iawp_total_views":340,"footnotes":""},"visa":[15],"class_list":["post-31","page","type-page","status-publish","has-post-thumbnail","hentry","visa-custom"],"ase":null,"_links":{"self":[{"href":"https:\/\/vollmers.nu\/sv\/wp-json\/wp\/v2\/pages\/31","targetHints":{"allow":["GET"]}}],"collection":[{"href":"https:\/\/vollmers.nu\/sv\/wp-json\/wp\/v2\/pages"}],"about":[{"href":"https:\/\/vollmers.nu\/sv\/wp-json\/wp\/v2\/types\/page"}],"author":[{"embeddable":true,"href":"https:\/\/vollmers.nu\/sv\/wp-json\/wp\/v2\/users\/1"}],"replies":[{"embeddable":true,"href":"https:\/\/vollmers.nu\/sv\/wp-json\/wp\/v2\/comments?post=31"}],"version-history":[{"count":40,"href":"https:\/\/vollmers.nu\/sv\/wp-json\/wp\/v2\/pages\/31\/revisions"}],"predecessor-version":[{"id":920,"href":"https:\/\/vollmers.nu\/sv\/wp-json\/wp\/v2\/pages\/31\/revisions\/920"}],"wp:featuredmedia":[{"embeddable":true,"href":"https:\/\/vollmers.nu\/sv\/wp-json\/wp\/v2\/media\/639"}],"wp:attachment":[{"href":"https:\/\/vollmers.nu\/sv\/wp-json\/wp\/v2\/media?parent=31"}],"wp:term":[{"taxonomy":"visa","embeddable":true,"href":"https:\/\/vollmers.nu\/sv\/wp-json\/wp\/v2\/visa?post=31"}],"curies":[{"name":"wp","href":"https:\/\/api.w.org\/{rel}","templated":true}]}}