{"id":7,"date":"2026-02-03T13:23:31","date_gmt":"2026-02-03T12:23:31","guid":{"rendered":"https:\/\/dev.vollmerskagarden.se\/?page_id=7"},"modified":"2026-04-14T09:59:03","modified_gmt":"2026-04-14T07:59:03","slug":"home","status":"publish","type":"page","link":"https:\/\/vollmers.nu\/sv\/","title":{"rendered":"Vollmers Restaurang | Vollmers Restaurant"},"content":{"rendered":"<p>Hos oss f\u00e5r du smaka en del av v\u00e5r historia. Du \u00e4ter med silverbestick som kommer fr\u00e5n v\u00e5r familjs f\u00f6rsta g\u00e4stgivarg\u00e5rd och du f\u00e5r en del av v\u00e5r barndom i menyn.<\/p>\n<p>Ett nedstamp i Sk\u00e5nes omgivningar d\u00e4r vi l\u00e5ter s\u00e4songen och minnen speglas p\u00e5 tallriken. Men allt vi har idag har vi faktiskt tack vare en herrekipering.<\/p>\n\n<figure class=\"wp-block-image size-large\"><img loading=\"lazy\" decoding=\"async\" width=\"1024\" height=\"819\" src=\"https:\/\/vollmers.nu\/wp-content\/uploads\/vollmers_2025_03-e1770990858689-1024x819.jpg\" class=\"wp-image-845\" style=\"object-position: 50% 50%;\" srcset=\"https:\/\/vollmers.nu\/wp-content\/uploads\/vollmers_2025_03-e1770990858689-1024x819.jpg 1024w, https:\/\/vollmers.nu\/wp-content\/uploads\/vollmers_2025_03-e1770990858689-300x240.jpg 300w, https:\/\/vollmers.nu\/wp-content\/uploads\/vollmers_2025_03-e1770990858689-768x614.jpg 768w, https:\/\/vollmers.nu\/wp-content\/uploads\/vollmers_2025_03-e1770990858689-15x12.jpg 15w, https:\/\/vollmers.nu\/wp-content\/uploads\/vollmers_2025_03-e1770990858689-600x480.jpg 600w, https:\/\/vollmers.nu\/wp-content\/uploads\/vollmers_2025_03-e1770990858689-1200x960.jpg 1200w, https:\/\/vollmers.nu\/wp-content\/uploads\/vollmers_2025_03-e1770990858689.jpg 1500w\" sizes=\"auto, (max-width: 1024px) 100vw, 1024px\" \/><\/figure>\n\n<h2 class=\"wp-block-heading\">Boka bord<\/h2>\n\n<figure class=\"wp-block-image size-large\"><img decoding=\"async\" src=\"https:\/\/dev.vollmerskagarden.se\/wp-content\/uploads\/vollmers_2025_01-1-819x1024.webp\" class=\"wp-image-965\" style=\"object-position: 49% 47%;\"><\/figure>\n\n<h2 class=\"wp-block-heading\">Galleri<\/h2>\n\n<figure class=\"wp-block-image size-large\"><img loading=\"lazy\" decoding=\"async\" width=\"683\" height=\"1024\" src=\"https:\/\/dev.vollmerskagarden.se\/wp-content\/uploads\/vollmers_family-683x1024.webp\" class=\"wp-image-161\" style=\"object-position: 47% 52%;\" srcset=\"https:\/\/vollmers.nu\/wp-content\/uploads\/vollmers_family-683x1024.webp 683w, https:\/\/vollmers.nu\/wp-content\/uploads\/vollmers_family-200x300.webp 200w, https:\/\/vollmers.nu\/wp-content\/uploads\/vollmers_family-768x1151.webp 768w, https:\/\/vollmers.nu\/wp-content\/uploads\/vollmers_family-1025x1536.webp 1025w, https:\/\/vollmers.nu\/wp-content\/uploads\/vollmers_family.webp 1281w\" sizes=\"auto, (max-width: 683px) 100vw, 683px\" \/><\/figure>\n\n<h2 class=\"wp-block-heading\">Om oss<\/h2>\n\n<figure class=\"wp-block-image size-large\"><img loading=\"lazy\" decoding=\"async\" width=\"819\" height=\"1024\" src=\"https:\/\/dev.vollmerskagarden.se\/wp-content\/uploads\/vollmers_2025_09-1-819x1024.webp\" class=\"wp-image-968\" style=\"object-position: 54% 43%;\" srcset=\"https:\/\/vollmers.nu\/wp-content\/uploads\/vollmers_2025_09-1-819x1024.webp 819w, https:\/\/vollmers.nu\/wp-content\/uploads\/vollmers_2025_09-1-240x300.webp 240w, https:\/\/vollmers.nu\/wp-content\/uploads\/vollmers_2025_09-1-768x960.webp 768w, https:\/\/vollmers.nu\/wp-content\/uploads\/vollmers_2025_09-1-1229x1536.webp 1229w, https:\/\/vollmers.nu\/wp-content\/uploads\/vollmers_2025_09-1-10x12.webp 10w, https:\/\/vollmers.nu\/wp-content\/uploads\/vollmers_2025_09-1-1200x1500.webp 1200w, https:\/\/vollmers.nu\/wp-content\/uploads\/vollmers_2025_09-1-600x750.webp 600w, https:\/\/vollmers.nu\/wp-content\/uploads\/vollmers_2025_09-1.webp 1500w\" sizes=\"auto, (max-width: 819px) 100vw, 819px\" \/><\/figure>\n\n<h2 class=\"wp-block-heading\">Meny<\/h2>\n\n<figure class=\"wp-block-image size-large\"><img loading=\"lazy\" decoding=\"async\" width=\"683\" height=\"1024\" src=\"https:\/\/vollmers.nu\/wp-content\/uploads\/vollmers_054-683x1024.jpg\" class=\"wp-image-798\" style=\"object-position: 59% 31%;\" srcset=\"https:\/\/vollmers.nu\/wp-content\/uploads\/vollmers_054-683x1024.jpg 683w, https:\/\/vollmers.nu\/wp-content\/uploads\/vollmers_054-200x300.jpg 200w, https:\/\/vollmers.nu\/wp-content\/uploads\/vollmers_054-768x1152.jpg 768w, https:\/\/vollmers.nu\/wp-content\/uploads\/vollmers_054-8x12.jpg 8w, https:\/\/vollmers.nu\/wp-content\/uploads\/vollmers_054-600x900.jpg 600w, https:\/\/vollmers.nu\/wp-content\/uploads\/vollmers_054.jpg 1000w\" sizes=\"auto, (max-width: 683px) 100vw, 683px\" \/><\/figure>\n\n<h2 class=\"wp-block-heading\">Grupper<\/h2>\n\n<figure class=\"wp-block-image size-large\"><img loading=\"lazy\" decoding=\"async\" width=\"1024\" height=\"1024\" src=\"https:\/\/dev.vollmerskagarden.se\/wp-content\/uploads\/kniven-1024x1024.jpg\" class=\"wp-image-881\" srcset=\"https:\/\/vollmers.nu\/wp-content\/uploads\/kniven-1024x1024.jpg 1024w, https:\/\/vollmers.nu\/wp-content\/uploads\/kniven-300x300.jpg 300w, https:\/\/vollmers.nu\/wp-content\/uploads\/kniven-150x150.jpg 150w, https:\/\/vollmers.nu\/wp-content\/uploads\/kniven-768x768.jpg 768w, https:\/\/vollmers.nu\/wp-content\/uploads\/kniven-12x12.jpg 12w, https:\/\/vollmers.nu\/wp-content\/uploads\/kniven-1200x1200.jpg 1200w, https:\/\/vollmers.nu\/wp-content\/uploads\/kniven-600x600.jpg 600w, https:\/\/vollmers.nu\/wp-content\/uploads\/kniven.jpg 1500w\" sizes=\"auto, (max-width: 1024px) 100vw, 1024px\" \/><\/figure>\n\n<h2 class=\"wp-block-heading\">Presenter<\/h2>\n\n<h1 class=\"wp-block-heading\">V\u00e4lkommen till Vollmers<\/h1>\n\n<p>Att med v\u00e5r personliga filosofi servera det b\u00e4sta ur den sk\u00e5nska myllan.<br \/>Att lyfta fram dess tydliga smaker och speciella karakt\u00e4r.<br \/>Att gifta ihop n\u00e4rproducerade r\u00e5varor med moderna matlagningstekniker.<br \/>Att f\u00f6r\u00e4dla en noga utvald r\u00e5vara, att f\u00f6rst\u00e4rka den naturliga smaken.<br \/>Att presentera Sk\u00e5nes tydliga \u00e5rstider.<br \/>Att med \u00f6ppna sinnen och kreativitet ta den sk\u00e5nska gastronomin till nya niv\u00e5er.<br \/>Utan att klydda till det.<\/p>\n<p><em><span class=\"italic\">Vollmers<\/span><\/em><\/p>\n\n<h2 class=\"wp-block-heading\">Our pledge<\/h2>\n\n<div class=\"wp-block-buttons is-layout-flex wp-block-buttons-is-layout-flex\"><div class=\"wp-block-button\"><a class=\"wp-block-button__link\">Boka bord<\/a><\/div><\/div>\n\n<figure class=\"wp-block-image size-large\"><img loading=\"lazy\" decoding=\"async\" width=\"819\" height=\"1024\" src=\"https:\/\/dev.vollmerskagarden.se\/wp-content\/uploads\/vollmer_stop_motion1-819x1024.jpg\" class=\"wp-image-950\" srcset=\"https:\/\/vollmers.nu\/wp-content\/uploads\/vollmer_stop_motion1-819x1024.jpg 819w, https:\/\/vollmers.nu\/wp-content\/uploads\/vollmer_stop_motion1-240x300.jpg 240w, https:\/\/vollmers.nu\/wp-content\/uploads\/vollmer_stop_motion1-768x960.jpg 768w, https:\/\/vollmers.nu\/wp-content\/uploads\/vollmer_stop_motion1-1229x1536.jpg 1229w, https:\/\/vollmers.nu\/wp-content\/uploads\/vollmer_stop_motion1-1638x2048.jpg 1638w, https:\/\/vollmers.nu\/wp-content\/uploads\/vollmer_stop_motion1-10x12.jpg 10w, https:\/\/vollmers.nu\/wp-content\/uploads\/vollmer_stop_motion1-1200x1500.jpg 1200w, https:\/\/vollmers.nu\/wp-content\/uploads\/vollmer_stop_motion1-600x750.jpg 600w, https:\/\/vollmers.nu\/wp-content\/uploads\/vollmer_stop_motion1.jpg 2000w\" sizes=\"auto, (max-width: 819px) 100vw, 819px\" \/><\/figure>\n\n<figure class=\"wp-block-image size-large\"><img loading=\"lazy\" decoding=\"async\" width=\"819\" height=\"1024\" src=\"https:\/\/dev.vollmerskagarden.se\/wp-content\/uploads\/vollmer_stop_motion2-819x1024.jpg\" class=\"wp-image-951\" srcset=\"https:\/\/vollmers.nu\/wp-content\/uploads\/vollmer_stop_motion2-819x1024.jpg 819w, https:\/\/vollmers.nu\/wp-content\/uploads\/vollmer_stop_motion2-240x300.jpg 240w, https:\/\/vollmers.nu\/wp-content\/uploads\/vollmer_stop_motion2-768x960.jpg 768w, https:\/\/vollmers.nu\/wp-content\/uploads\/vollmer_stop_motion2-1229x1536.jpg 1229w, https:\/\/vollmers.nu\/wp-content\/uploads\/vollmer_stop_motion2-1638x2048.jpg 1638w, https:\/\/vollmers.nu\/wp-content\/uploads\/vollmer_stop_motion2-10x12.jpg 10w, https:\/\/vollmers.nu\/wp-content\/uploads\/vollmer_stop_motion2-1200x1500.jpg 1200w, https:\/\/vollmers.nu\/wp-content\/uploads\/vollmer_stop_motion2-600x750.jpg 600w, https:\/\/vollmers.nu\/wp-content\/uploads\/vollmer_stop_motion2.jpg 2000w\" sizes=\"auto, (max-width: 819px) 100vw, 819px\" \/><\/figure>\n\n<figure class=\"wp-block-image size-large\"><img loading=\"lazy\" decoding=\"async\" width=\"819\" height=\"1024\" src=\"https:\/\/dev.vollmerskagarden.se\/wp-content\/uploads\/vollmer_stop_motion3-819x1024.jpg\" class=\"wp-image-952\" srcset=\"https:\/\/vollmers.nu\/wp-content\/uploads\/vollmer_stop_motion3-819x1024.jpg 819w, https:\/\/vollmers.nu\/wp-content\/uploads\/vollmer_stop_motion3-240x300.jpg 240w, https:\/\/vollmers.nu\/wp-content\/uploads\/vollmer_stop_motion3-768x960.jpg 768w, https:\/\/vollmers.nu\/wp-content\/uploads\/vollmer_stop_motion3-1229x1536.jpg 1229w, https:\/\/vollmers.nu\/wp-content\/uploads\/vollmer_stop_motion3-1638x2048.jpg 1638w, https:\/\/vollmers.nu\/wp-content\/uploads\/vollmer_stop_motion3-10x12.jpg 10w, https:\/\/vollmers.nu\/wp-content\/uploads\/vollmer_stop_motion3-1200x1500.jpg 1200w, https:\/\/vollmers.nu\/wp-content\/uploads\/vollmer_stop_motion3-600x750.jpg 600w, https:\/\/vollmers.nu\/wp-content\/uploads\/vollmer_stop_motion3.jpg 2000w\" sizes=\"auto, (max-width: 819px) 100vw, 819px\" \/><\/figure>\n\n<figure class=\"wp-block-image size-large\"><img loading=\"lazy\" decoding=\"async\" width=\"819\" height=\"1024\" src=\"https:\/\/dev.vollmerskagarden.se\/wp-content\/uploads\/vollmer_stop_motion4-819x1024.jpg\" class=\"wp-image-953\" srcset=\"https:\/\/vollmers.nu\/wp-content\/uploads\/vollmer_stop_motion4-819x1024.jpg 819w, https:\/\/vollmers.nu\/wp-content\/uploads\/vollmer_stop_motion4-240x300.jpg 240w, https:\/\/vollmers.nu\/wp-content\/uploads\/vollmer_stop_motion4-768x960.jpg 768w, https:\/\/vollmers.nu\/wp-content\/uploads\/vollmer_stop_motion4-1229x1536.jpg 1229w, https:\/\/vollmers.nu\/wp-content\/uploads\/vollmer_stop_motion4-1638x2048.jpg 1638w, https:\/\/vollmers.nu\/wp-content\/uploads\/vollmer_stop_motion4-10x12.jpg 10w, https:\/\/vollmers.nu\/wp-content\/uploads\/vollmer_stop_motion4-1200x1500.jpg 1200w, https:\/\/vollmers.nu\/wp-content\/uploads\/vollmer_stop_motion4-600x750.jpg 600w, https:\/\/vollmers.nu\/wp-content\/uploads\/vollmer_stop_motion4.jpg 2000w\" sizes=\"auto, (max-width: 819px) 100vw, 819px\" \/><\/figure>\n\n<figure class=\"wp-block-image size-large\"><img loading=\"lazy\" decoding=\"async\" width=\"819\" height=\"1024\" src=\"https:\/\/dev.vollmerskagarden.se\/wp-content\/uploads\/vollmer_stop_motion5-819x1024.jpg\" class=\"wp-image-954\" srcset=\"https:\/\/vollmers.nu\/wp-content\/uploads\/vollmer_stop_motion5-819x1024.jpg 819w, https:\/\/vollmers.nu\/wp-content\/uploads\/vollmer_stop_motion5-240x300.jpg 240w, https:\/\/vollmers.nu\/wp-content\/uploads\/vollmer_stop_motion5-768x960.jpg 768w, https:\/\/vollmers.nu\/wp-content\/uploads\/vollmer_stop_motion5-1229x1536.jpg 1229w, https:\/\/vollmers.nu\/wp-content\/uploads\/vollmer_stop_motion5-1638x2048.jpg 1638w, https:\/\/vollmers.nu\/wp-content\/uploads\/vollmer_stop_motion5-10x12.jpg 10w, https:\/\/vollmers.nu\/wp-content\/uploads\/vollmer_stop_motion5-1200x1500.jpg 1200w, https:\/\/vollmers.nu\/wp-content\/uploads\/vollmer_stop_motion5-600x750.jpg 600w, https:\/\/vollmers.nu\/wp-content\/uploads\/vollmer_stop_motion5.jpg 2000w\" sizes=\"auto, (max-width: 819px) 100vw, 819px\" \/><\/figure>\n\n<figure class=\"wp-block-image size-full\"><img decoding=\"async\" src=\"https:\/\/dev.vollmerskagarden.se\/wp-content\/uploads\/logo-vollmers_white.svg\" class=\"wp-image-12\" width=\"200\"><\/figure>","protected":false},"excerpt":{"rendered":"<p>At Vollmers you\u2019ll get a slice of history with the menu. You dine with silver cutlery that comes from our family\u2019s first roadside inn and you partake of our childhood favourites along the way. An immersion in Sk\u00e5ne\u2019s surroundings where the seasons and memories are reflected on the plate. But everything we have today, we [&hellip;]<\/p>\n","protected":false},"author":1,"featured_media":0,"parent":0,"menu_order":0,"comment_status":"closed","ping_status":"closed","template":"","meta":{"iawp_total_views":4919,"footnotes":""},"visa":[],"class_list":["post-7","page","type-page","status-publish","hentry"],"ase":null,"_links":{"self":[{"href":"https:\/\/vollmers.nu\/sv\/wp-json\/wp\/v2\/pages\/7","targetHints":{"allow":["GET"]}}],"collection":[{"href":"https:\/\/vollmers.nu\/sv\/wp-json\/wp\/v2\/pages"}],"about":[{"href":"https:\/\/vollmers.nu\/sv\/wp-json\/wp\/v2\/types\/page"}],"author":[{"embeddable":true,"href":"https:\/\/vollmers.nu\/sv\/wp-json\/wp\/v2\/users\/1"}],"replies":[{"embeddable":true,"href":"https:\/\/vollmers.nu\/sv\/wp-json\/wp\/v2\/comments?post=7"}],"version-history":[{"count":100,"href":"https:\/\/vollmers.nu\/sv\/wp-json\/wp\/v2\/pages\/7\/revisions"}],"predecessor-version":[{"id":1076,"href":"https:\/\/vollmers.nu\/sv\/wp-json\/wp\/v2\/pages\/7\/revisions\/1076"}],"wp:attachment":[{"href":"https:\/\/vollmers.nu\/sv\/wp-json\/wp\/v2\/media?parent=7"}],"wp:term":[{"taxonomy":"visa","embeddable":true,"href":"https:\/\/vollmers.nu\/sv\/wp-json\/wp\/v2\/visa?post=7"}],"curies":[{"name":"wp","href":"https:\/\/api.w.org\/{rel}","templated":true}]}}